{"id":112,"date":"2021-01-02T22:39:17","date_gmt":"2021-01-03T00:39:17","guid":{"rendered":"http:\/\/kidex.com.br\/?page_id=112"},"modified":"2021-02-13T22:08:00","modified_gmt":"2021-02-14T00:08:00","slug":"servicos","status":"publish","type":"page","link":"http:\/\/kidex.com.br\/?page_id=112","title":{"rendered":"Servi\u00e7os"},"content":{"rendered":"\n<p><a href=\"http:\/\/kidex.com.br\/?page_id=155\">Bagagem<\/a><\/p>\n\n\n\n<p><a href=\"http:\/\/kidex.com.br\/?page_id=152\">Radar<\/a><\/p>\n\n\n\n<p><a href=\"http:\/\/kidex.com.br\/?page_id=157\">Log\u00edstica<\/a><\/p>\n\n\n\n<p><a href=\"http:\/\/kidex.com.br\/?page_id=159\">Relacionamento<\/a><\/p>\n\n\n\n<p><a href=\"http:\/\/kidex.com.br\/?page_id=161\">Importa\u00e7\u00e3o<\/a><\/p>\n\n\n\n<p><a href=\"http:\/\/kidex.com.br\/?page_id=163\">Exporta\u00e7\u00e3o<\/a><\/p>\n\n\n\n<p><a href=\"http:\/\/kidex.com.br\/?page_id=169\">Consultoria<\/a><\/p>\n","protected":false},"excerpt":{"rendered":"<p>Bagagem Radar Log\u00edstica Relacionamento Importa\u00e7\u00e3o Exporta\u00e7\u00e3o Consultoria<\/p>\n","protected":false},"author":1,"featured_media":0,"parent":0,"menu_order":0,"comment_status":"closed","ping_status":"closed","template":"","meta":{"footnotes":""},"class_list":["post-112","page","type-page","status-publish","hentry"],"_links":{"self":[{"href":"http:\/\/kidex.com.br\/index.php?rest_route=\/wp\/v2\/pages\/112","targetHints":{"allow":["GET"]}}],"collection":[{"href":"http:\/\/kidex.com.br\/index.php?rest_route=\/wp\/v2\/pages"}],"about":[{"href":"http:\/\/kidex.com.br\/index.php?rest_route=\/wp\/v2\/types\/page"}],"author":[{"embeddable":true,"href":"http:\/\/kidex.com.br\/index.php?rest_route=\/wp\/v2\/users\/1"}],"replies":[{"embeddable":true,"href":"http:\/\/kidex.com.br\/index.php?rest_route=%2Fwp%2Fv2%2Fcomments&post=112"}],"version-history":[{"count":3,"href":"http:\/\/kidex.com.br\/index.php?rest_route=\/wp\/v2\/pages\/112\/revisions"}],"predecessor-version":[{"id":225,"href":"http:\/\/kidex.com.br\/index.php?rest_route=\/wp\/v2\/pages\/112\/revisions\/225"}],"wp:attachment":[{"href":"http:\/\/kidex.com.br\/index.php?rest_route=%2Fwp%2Fv2%2Fmedia&parent=112"}],"curies":[{"name":"wp","href":"https:\/\/api.w.org\/{rel}","templated":true}]}}