{"id":161,"date":"2021-01-02T23:50:17","date_gmt":"2021-01-03T01:50:17","guid":{"rendered":"http:\/\/kidex.com.br\/?page_id=161"},"modified":"2021-01-02T23:50:18","modified_gmt":"2021-01-03T01:50:18","slug":"importacao","status":"publish","type":"page","link":"http:\/\/kidex.com.br\/?page_id=161","title":{"rendered":"Importa\u00e7\u00e3o"},"content":{"rendered":"\n<div class=\"wp-block-columns is-layout-flex wp-container-core-columns-is-layout-9d6595d7 wp-block-columns-is-layout-flex\">\n<div class=\"wp-block-column is-layout-flow wp-block-column-is-layout-flow\">\n<p><em>Drawback<\/em>.<\/p>\n\n\n\n<p>Sugest\u00e3o sobre classifica\u00e7\u00e3o fiscal (NCM)<\/p>\n\n\n\n<p>Elabora\u00e7\u00e3o, registro e acompanhamento de licenciamento de Importa\u00e7\u00e3o junto aos \u00f3rg\u00e3os anuentes, quando o produto assim o exigir.<\/p>\n\n\n\n<p>An\u00e1lise minuciosa dos procedimentos de embarque e documentos de pr\u00e9-embarque.<\/p>\n\n\n\n<p>Acompanhamento da chegada e descarga da mercadoria no Porto\/Aeroporto Internacional do Rio de Janeiro, Sepetiba e, por meio de parcerias, no Porto de Santos.<\/p>\n<\/div>\n\n\n\n<div class=\"wp-block-column is-layout-flow wp-block-column-is-layout-flow\">\n<p>Total acompanhamento e efetiva\u00e7\u00e3o do Desembara\u00e7o Aduaneiro.<\/p>\n\n\n\n<p>Pagamento das taxas de armazenagem, frete, AFRMM e demais despesas inerentes ao processo.<\/p>\n\n\n\n<p>Acompanhamento da sa\u00edda da mercadoria do Recinto Alfandegado at\u00e9 a casa do Cliente.<\/p>\n\n\n\n<p>Confec\u00e7\u00e3o e registro da Declara\u00e7\u00e3o de Importa\u00e7\u00e3o, baseada nas informa\u00e7\u00f5es obtidas junto ao Importador e nos documentos de Embarque.   <\/p>\n<\/div>\n<\/div>\n","protected":false},"excerpt":{"rendered":"<p>Drawback. Sugest\u00e3o sobre classifica\u00e7\u00e3o fiscal (NCM) Elabora\u00e7\u00e3o, registro e acompanhamento de licenciamento de Importa\u00e7\u00e3o junto aos \u00f3rg\u00e3os anuentes, quando o produto assim o exigir. An\u00e1lise minuciosa dos procedimentos de embarque e documentos de pr\u00e9-embarque. Acompanhamento da chegada e descarga da<\/p>\n","protected":false},"author":1,"featured_media":0,"parent":0,"menu_order":0,"comment_status":"closed","ping_status":"closed","template":"","meta":{"footnotes":""},"class_list":["post-161","page","type-page","status-publish","hentry"],"_links":{"self":[{"href":"http:\/\/kidex.com.br\/index.php?rest_route=\/wp\/v2\/pages\/161","targetHints":{"allow":["GET"]}}],"collection":[{"href":"http:\/\/kidex.com.br\/index.php?rest_route=\/wp\/v2\/pages"}],"about":[{"href":"http:\/\/kidex.com.br\/index.php?rest_route=\/wp\/v2\/types\/page"}],"author":[{"embeddable":true,"href":"http:\/\/kidex.com.br\/index.php?rest_route=\/wp\/v2\/users\/1"}],"replies":[{"embeddable":true,"href":"http:\/\/kidex.com.br\/index.php?rest_route=%2Fwp%2Fv2%2Fcomments&post=161"}],"version-history":[{"count":1,"href":"http:\/\/kidex.com.br\/index.php?rest_route=\/wp\/v2\/pages\/161\/revisions"}],"predecessor-version":[{"id":162,"href":"http:\/\/kidex.com.br\/index.php?rest_route=\/wp\/v2\/pages\/161\/revisions\/162"}],"wp:attachment":[{"href":"http:\/\/kidex.com.br\/index.php?rest_route=%2Fwp%2Fv2%2Fmedia&parent=161"}],"curies":[{"name":"wp","href":"https:\/\/api.w.org\/{rel}","templated":true}]}}