{"id":163,"date":"2021-01-02T23:53:49","date_gmt":"2021-01-03T01:53:49","guid":{"rendered":"http:\/\/kidex.com.br\/?page_id=163"},"modified":"2021-01-02T23:53:49","modified_gmt":"2021-01-03T01:53:49","slug":"exportacao","status":"publish","type":"page","link":"http:\/\/kidex.com.br\/?page_id=163","title":{"rendered":"Exporta\u00e7\u00e3o"},"content":{"rendered":"\n<div class=\"wp-block-columns is-layout-flex wp-container-core-columns-is-layout-9d6595d7 wp-block-columns-is-layout-flex\">\n<div class=\"wp-block-column is-layout-flow wp-block-column-is-layout-flow\">\n<p>Elabora\u00e7\u00e3o de Registro de Exporta\u00e7\u00e3o junto ao Decex.<\/p>\n\n\n\n<p>Confec\u00e7\u00e3o de todos os documentos relacionados ao processo de Exporta\u00e7\u00e3o.<\/p>\n\n\n\n<p>Reserva de pra\u00e7a junto as Companhias de Navega\u00e7\u00e3o de acordo com as datas de embarque informadas previamente pelo cliente.<\/p>\n\n\n\n<p>Confec\u00e7\u00e3o e acompanhamento para emiss\u00e3o de certificados de origem junto a Firjan e Decex.<\/p>\n<\/div>\n\n\n\n<div class=\"wp-block-column is-layout-flow wp-block-column-is-layout-flow\">\n<p>Obten\u00e7\u00e3o de Visto Consular em documentos cujos pa\u00edses o exijam.<\/p>\n\n\n\n<p>Acompanhamento e efetiva\u00e7\u00e3o do desembara\u00e7o aduaneiro no Porto\/Aeroporto Internacional do Rio de Janeiro.<\/p>\n\n\n\n<p>Pagamento de frete e taxas inerentes ao processo.<\/p>\n\n\n\n<p>Acompanhamento do carregamento e averba\u00e7\u00e3o do Embarque.<\/p>\n<\/div>\n<\/div>\n","protected":false},"excerpt":{"rendered":"<p>Elabora\u00e7\u00e3o de Registro de Exporta\u00e7\u00e3o junto ao Decex. Confec\u00e7\u00e3o de todos os documentos relacionados ao processo de Exporta\u00e7\u00e3o. Reserva de pra\u00e7a junto as Companhias de Navega\u00e7\u00e3o de acordo com as datas de embarque informadas previamente pelo cliente. Confec\u00e7\u00e3o e acompanhamento<\/p>\n","protected":false},"author":1,"featured_media":0,"parent":0,"menu_order":0,"comment_status":"closed","ping_status":"closed","template":"","meta":{"footnotes":""},"class_list":["post-163","page","type-page","status-publish","hentry"],"_links":{"self":[{"href":"http:\/\/kidex.com.br\/index.php?rest_route=\/wp\/v2\/pages\/163","targetHints":{"allow":["GET"]}}],"collection":[{"href":"http:\/\/kidex.com.br\/index.php?rest_route=\/wp\/v2\/pages"}],"about":[{"href":"http:\/\/kidex.com.br\/index.php?rest_route=\/wp\/v2\/types\/page"}],"author":[{"embeddable":true,"href":"http:\/\/kidex.com.br\/index.php?rest_route=\/wp\/v2\/users\/1"}],"replies":[{"embeddable":true,"href":"http:\/\/kidex.com.br\/index.php?rest_route=%2Fwp%2Fv2%2Fcomments&post=163"}],"version-history":[{"count":1,"href":"http:\/\/kidex.com.br\/index.php?rest_route=\/wp\/v2\/pages\/163\/revisions"}],"predecessor-version":[{"id":164,"href":"http:\/\/kidex.com.br\/index.php?rest_route=\/wp\/v2\/pages\/163\/revisions\/164"}],"wp:attachment":[{"href":"http:\/\/kidex.com.br\/index.php?rest_route=%2Fwp%2Fv2%2Fmedia&parent=163"}],"curies":[{"name":"wp","href":"https:\/\/api.w.org\/{rel}","templated":true}]}}