{"id":169,"date":"2021-01-02T23:57:47","date_gmt":"2021-01-03T01:57:47","guid":{"rendered":"http:\/\/kidex.com.br\/?page_id=169"},"modified":"2021-01-02T23:57:48","modified_gmt":"2021-01-03T01:57:48","slug":"consultoria","status":"publish","type":"page","link":"http:\/\/kidex.com.br\/?page_id=169","title":{"rendered":"Consultoria"},"content":{"rendered":"\n<p>Consultoria t\u00e9cnica voltada ao com\u00e9rcio exterior como:<\/p>\n\n\n\n<ul class=\"wp-block-list\"><li>Legisla\u00e7\u00e3o aduaneira;<\/li><li>Benef\u00edcios;<\/li><li>Al\u00edquotas de impostos;<\/li><li>Tratamentos administrativos;<\/li><li>Acordos internacionais etc.<\/li><\/ul>\n","protected":false},"excerpt":{"rendered":"<p>Consultoria t\u00e9cnica voltada ao com\u00e9rcio exterior como: Legisla\u00e7\u00e3o aduaneira; Benef\u00edcios; Al\u00edquotas de impostos; Tratamentos administrativos; Acordos internacionais etc.<\/p>\n","protected":false},"author":1,"featured_media":0,"parent":0,"menu_order":0,"comment_status":"closed","ping_status":"closed","template":"","meta":{"footnotes":""},"class_list":["post-169","page","type-page","status-publish","hentry"],"_links":{"self":[{"href":"http:\/\/kidex.com.br\/index.php?rest_route=\/wp\/v2\/pages\/169","targetHints":{"allow":["GET"]}}],"collection":[{"href":"http:\/\/kidex.com.br\/index.php?rest_route=\/wp\/v2\/pages"}],"about":[{"href":"http:\/\/kidex.com.br\/index.php?rest_route=\/wp\/v2\/types\/page"}],"author":[{"embeddable":true,"href":"http:\/\/kidex.com.br\/index.php?rest_route=\/wp\/v2\/users\/1"}],"replies":[{"embeddable":true,"href":"http:\/\/kidex.com.br\/index.php?rest_route=%2Fwp%2Fv2%2Fcomments&post=169"}],"version-history":[{"count":1,"href":"http:\/\/kidex.com.br\/index.php?rest_route=\/wp\/v2\/pages\/169\/revisions"}],"predecessor-version":[{"id":170,"href":"http:\/\/kidex.com.br\/index.php?rest_route=\/wp\/v2\/pages\/169\/revisions\/170"}],"wp:attachment":[{"href":"http:\/\/kidex.com.br\/index.php?rest_route=%2Fwp%2Fv2%2Fmedia&parent=169"}],"curies":[{"name":"wp","href":"https:\/\/api.w.org\/{rel}","templated":true}]}}